{"id":73,"date":"2025-07-31T12:35:04","date_gmt":"2025-07-31T12:35:04","guid":{"rendered":"https:\/\/inesnevescaldas.com\/?page_id=73"},"modified":"2025-08-18T09:44:26","modified_gmt":"2025-08-18T09:44:26","slug":"sobre","status":"publish","type":"page","link":"https:\/\/inesnevescaldas.com\/en\/sobre\/","title":{"rendered":"About"},"content":{"rendered":"<div data-elementor-type=\"wp-page\" data-elementor-id=\"73\" class=\"elementor elementor-73\">\n\t\t\t\t<div class=\"elementor-element elementor-element-410a2dbf sticky-header e-flex e-con-boxed e-con e-parent\" data-id=\"410a2dbf\" data-element_type=\"container\" data-settings=\"{&quot;background_background&quot;:&quot;classic&quot;}\">\n\t\t\t\t\t<div class=\"e-con-inner\">\n\t\t\t\t\t<\/div>\n\t\t\t\t<\/div>\n\t\t<div class=\"elementor-element elementor-element-8681865 e-flex e-con-boxed e-con e-parent\" data-id=\"8681865\" data-element_type=\"container\" data-settings=\"{&quot;background_background&quot;:&quot;classic&quot;}\">\n\t\t\t\t\t<div class=\"e-con-inner\">\n\t\t<div class=\"elementor-element elementor-element-c2ab467 e-con-full e-flex e-con e-child\" data-id=\"c2ab467\" data-element_type=\"container\">\n\t\t<div class=\"elementor-element elementor-element-14327ac e-con-full e-flex e-con e-child\" data-id=\"14327ac\" data-element_type=\"container\">\n\t\t\t\t<div class=\"elementor-element elementor-element-9afb0cb elementor-widget elementor-widget-heading\" data-id=\"9afb0cb\" data-element_type=\"widget\" data-widget_type=\"heading.default\">\n\t\t\t\t\t<h2 class=\"elementor-heading-title elementor-size-default\">About me<\/h2>\t\t\t\t<\/div>\n\t\t\t\t<div class=\"elementor-element elementor-element-f1cc89a elementor-widget__width-initial elementor-widget elementor-widget-text-editor\" data-id=\"f1cc89a\" data-element_type=\"widget\" data-widget_type=\"text-editor.default\">\n\t\t\t\t\t\t\t\t\t<p class=\"translation-block\">I am a psychiatrist and psychotherapist with an <b>integrative, person-centered approach<\/b>.<\/p><p class=\"translation-block\">I believe that understanding each person's suffering is more important than a diagnosis. This means <b>listening to their story<\/b>, their <b>values<\/b>, and how they <b>experience their feelings<\/b>.<\/p><p>This is also why I integrate psychotherapy into my clinical practice\u2014to create a space where we can deeply explore, at each person's own pace, what needs to be cared for.<\/p><p class=\"translation-block\">I have dedicated a significant part of my clinical and educational journey to <b>eating disorders<\/b>, an area I continue to deepen with particular focus. While I have had a particular focus on this area, my commitment extends equally to other mental health concerns.<\/p><p class=\"translation-block\">I see my role as <b>listening with care<\/b>, building a <b>safe relationship<\/b>, and sharing knowledge in an <b>accessible<\/b> way. I support each person through their process, respecting their autonomy and what feels right for them. I believe that it is in this relationship of trust and collaboration that change becomes possible.<\/p>\t\t\t\t\t\t\t\t<\/div>\n\t\t\t\t<\/div>\n\t\t<div class=\"elementor-element elementor-element-3c47297 e-con-full e-flex e-con e-child\" data-id=\"3c47297\" data-element_type=\"container\">\n\t\t\t\t<div class=\"elementor-element elementor-element-dd6f8a4 elementor-widget elementor-widget-image\" data-id=\"dd6f8a4\" data-element_type=\"widget\" data-widget_type=\"image.default\">\n\t\t\t\t\t\t\t\t\t\t\t\t\t\t\t<img fetchpriority=\"high\" decoding=\"async\" width=\"446\" height=\"1024\" src=\"https:\/\/inesnevescaldas.com\/wp-content\/uploads\/2025\/07\/ines_s_fundo-446x1024.webp\" class=\"attachment-large size-large wp-image-184\" alt=\"\" srcset=\"https:\/\/inesnevescaldas.com\/wp-content\/uploads\/2025\/07\/ines_s_fundo-446x1024.webp 446w, https:\/\/inesnevescaldas.com\/wp-content\/uploads\/2025\/07\/ines_s_fundo-600x1377.webp 600w, https:\/\/inesnevescaldas.com\/wp-content\/uploads\/2025\/07\/ines_s_fundo-131x300.webp 131w, https:\/\/inesnevescaldas.com\/wp-content\/uploads\/2025\/07\/ines_s_fundo-768x1763.webp 768w, https:\/\/inesnevescaldas.com\/wp-content\/uploads\/2025\/07\/ines_s_fundo-669x1536.webp 669w, https:\/\/inesnevescaldas.com\/wp-content\/uploads\/2025\/07\/ines_s_fundo-892x2048.webp 892w, https:\/\/inesnevescaldas.com\/wp-content\/uploads\/2025\/07\/ines_s_fundo.webp 931w\" sizes=\"(max-width: 446px) 100vw, 446px\" \/>\t\t\t\t\t\t\t\t\t\t\t\t\t\t\t<\/div>\n\t\t\t\t<\/div>\n\t\t\t\t<\/div>\n\t\t\t\t\t<\/div>\n\t\t\t\t<\/div>\n\t\t<div class=\"elementor-element elementor-element-5c483c9 e-flex e-con-boxed e-con e-parent\" data-id=\"5c483c9\" data-element_type=\"container\">\n\t\t\t\t\t<div class=\"e-con-inner\">\n\t\t\t\t<div class=\"elementor-element elementor-element-7d53d72 elementor-widget elementor-widget-heading\" data-id=\"7d53d72\" data-element_type=\"widget\" data-widget_type=\"heading.default\">\n\t\t\t\t\t<h2 class=\"elementor-heading-title elementor-size-default\">Professional Journey<\/h2>\t\t\t\t<\/div>\n\t\t<div class=\"elementor-element elementor-element-ea68f9f e-con-full e-flex e-con e-child\" data-id=\"ea68f9f\" data-element_type=\"container\">\n\t\t<div class=\"elementor-element elementor-element-951c0c8 e-con-full e-flex e-con e-child\" data-id=\"951c0c8\" data-element_type=\"container\">\n\t\t\t\t<div class=\"elementor-element elementor-element-abf5ef5 elementor-icon-list--layout-traditional elementor-list-item-link-full_width elementor-widget elementor-widget-icon-list\" data-id=\"abf5ef5\" data-element_type=\"widget\" data-widget_type=\"icon-list.default\">\n\t\t\t\t\t\t\t<ul class=\"elementor-icon-list-items\">\n\t\t\t\t\t\t\t<li class=\"elementor-icon-list-item\">\n\t\t\t\t\t\t\t\t\t\t\t<span class=\"elementor-icon-list-icon\">\n\t\t\t\t\t\t\t<svg aria-hidden=\"true\" class=\"e-font-icon-svg e-fas-long-arrow-alt-right\" viewbox=\"0 0 448 512\" xmlns=\"http:\/\/www.w3.org\/2000\/svg\"><path d=\"M313.941 216H12c-6.627 0-12 5.373-12 12v56c0 6.627 5.373 12 12 12h301.941v46.059c0 21.382 25.851 32.09 40.971 16.971l86.059-86.059c9.373-9.373 9.373-24.569 0-33.941l-86.059-86.059c-15.119-15.119-40.971-4.411-40.971 16.971V216z\"><\/path><\/svg>\t\t\t\t\t\t<\/span>\n\t\t\t\t\t\t\t\t\t\t<span class=\"elementor-icon-list-text\">Medical Specialist in Psychiatry (OM 62496)<\/span>\n\t\t\t\t\t\t\t\t\t<\/li>\n\t\t\t\t\t\t<\/ul>\n\t\t\t\t\t\t<\/div>\n\t\t\t\t<div class=\"elementor-element elementor-element-e2d95c9 elementor-widget elementor-widget-text-editor\" data-id=\"e2d95c9\" data-element_type=\"widget\" data-widget_type=\"text-editor.default\">\n\t\t\t\t\t\t\t\t\t<p>Specialized Residency completed at the <i>Centro Hospitalar Psiqui\u00e1trico de Lisboa<\/i><\/p>\t\t\t\t\t\t\t\t<\/div>\n\t\t\t\t<\/div>\n\t\t<div class=\"elementor-element elementor-element-af3f515 e-con-full e-flex e-con e-child\" data-id=\"af3f515\" data-element_type=\"container\">\n\t\t\t\t<div class=\"elementor-element elementor-element-8318490 elementor-icon-list--layout-traditional elementor-list-item-link-full_width elementor-widget elementor-widget-icon-list\" data-id=\"8318490\" data-element_type=\"widget\" data-widget_type=\"icon-list.default\">\n\t\t\t\t\t\t\t<ul class=\"elementor-icon-list-items\">\n\t\t\t\t\t\t\t<li class=\"elementor-icon-list-item\">\n\t\t\t\t\t\t\t\t\t\t\t<span class=\"elementor-icon-list-icon\">\n\t\t\t\t\t\t\t<svg aria-hidden=\"true\" class=\"e-font-icon-svg e-fas-long-arrow-alt-right\" viewbox=\"0 0 448 512\" xmlns=\"http:\/\/www.w3.org\/2000\/svg\"><path d=\"M313.941 216H12c-6.627 0-12 5.373-12 12v56c0 6.627 5.373 12 12 12h301.941v46.059c0 21.382 25.851 32.09 40.971 16.971l86.059-86.059c9.373-9.373 9.373-24.569 0-33.941l-86.059-86.059c-15.119-15.119-40.971-4.411-40.971 16.971V216z\"><\/path><\/svg>\t\t\t\t\t\t<\/span>\n\t\t\t\t\t\t\t\t\t\t<span class=\"elementor-icon-list-text\">Psychotherapist<\/span>\n\t\t\t\t\t\t\t\t\t<\/li>\n\t\t\t\t\t\t<\/ul>\n\t\t\t\t\t\t<\/div>\n\t\t\t\t<div class=\"elementor-element elementor-element-b1a93b3 elementor-widget elementor-widget-text-editor\" data-id=\"b1a93b3\" data-element_type=\"widget\" data-widget_type=\"text-editor.default\">\n\t\t\t\t\t\t\t\t\t<p>Post-graduate degree in Cognitive, Behavioral, and Integrative Psychotherapy \u2014 <i>Associa\u00e7\u00e3o Portuguesa de Terapia Cognitivo-Comportamental Integrativa<\/i><\/p><p><i><\/i> Training in Internal Family Systems (IFS) Psychotherapy \u2014 <i>IFS Institute<\/i><\/p>\t\t\t\t\t\t\t\t<\/div>\n\t\t\t\t<\/div>\n\t\t<div class=\"elementor-element elementor-element-53490c0 e-con-full e-flex e-con e-child\" data-id=\"53490c0\" data-element_type=\"container\">\n\t\t\t\t<div class=\"elementor-element elementor-element-8e48733 elementor-icon-list--layout-traditional elementor-list-item-link-full_width elementor-widget elementor-widget-icon-list\" data-id=\"8e48733\" data-element_type=\"widget\" data-widget_type=\"icon-list.default\">\n\t\t\t\t\t\t\t<ul class=\"elementor-icon-list-items\">\n\t\t\t\t\t\t\t<li class=\"elementor-icon-list-item\">\n\t\t\t\t\t\t\t\t\t\t\t<span class=\"elementor-icon-list-icon\">\n\t\t\t\t\t\t\t<svg aria-hidden=\"true\" class=\"e-font-icon-svg e-fas-long-arrow-alt-right\" viewbox=\"0 0 448 512\" xmlns=\"http:\/\/www.w3.org\/2000\/svg\"><path d=\"M313.941 216H12c-6.627 0-12 5.373-12 12v56c0 6.627 5.373 12 12 12h301.941v46.059c0 21.382 25.851 32.09 40.971 16.971l86.059-86.059c9.373-9.373 9.373-24.569 0-33.941l-86.059-86.059c-15.119-15.119-40.971-4.411-40.971 16.971V216z\"><\/path><\/svg>\t\t\t\t\t\t<\/span>\n\t\t\t\t\t\t\t\t\t\t<span class=\"elementor-icon-list-text\">Specialized Training in Eating Disorders<\/span>\n\t\t\t\t\t\t\t\t\t<\/li>\n\t\t\t\t\t\t<\/ul>\n\t\t\t\t\t\t<\/div>\n\t\t\t\t<div class=\"elementor-element elementor-element-42ebad3 elementor-widget elementor-widget-text-editor\" data-id=\"42ebad3\" data-element_type=\"widget\" data-widget_type=\"text-editor.default\">\n\t\t\t\t\t\t\t\t\t<p>Clinical internships at international reference centers:<\/p><p>\u2013\u00a0<i>Casa di Cura Villa Garda<\/i><i><br \/><\/i>\u2013\u00a0<i>Azienda Ospedaliero-Universitaria di Torino<\/i><i><\/i><\/p><p>Specific training from:<\/p><p><i>\u2013 Maudsley approach<\/i><i><br \/><\/i>\u2013 Cebrata<br \/>\u2013 Ambulim<\/p><p>Certified Instructor in MB-EAT (Mindfulness-Based Eating Awareness Training)<\/p>\t\t\t\t\t\t\t\t<\/div>\n\t\t\t\t<\/div>\n\t\t<div class=\"elementor-element elementor-element-b73d8c5 e-con-full e-flex e-con e-child\" data-id=\"b73d8c5\" data-element_type=\"container\">\n\t\t\t\t<div class=\"elementor-element elementor-element-5f2029d elementor-icon-list--layout-traditional elementor-list-item-link-full_width elementor-widget elementor-widget-icon-list\" data-id=\"5f2029d\" data-element_type=\"widget\" data-widget_type=\"icon-list.default\">\n\t\t\t\t\t\t\t<ul class=\"elementor-icon-list-items\">\n\t\t\t\t\t\t\t<li class=\"elementor-icon-list-item\">\n\t\t\t\t\t\t\t\t\t\t\t<span class=\"elementor-icon-list-icon\">\n\t\t\t\t\t\t\t<svg aria-hidden=\"true\" class=\"e-font-icon-svg e-fas-long-arrow-alt-right\" viewbox=\"0 0 448 512\" xmlns=\"http:\/\/www.w3.org\/2000\/svg\"><path d=\"M313.941 216H12c-6.627 0-12 5.373-12 12v56c0 6.627 5.373 12 12 12h301.941v46.059c0 21.382 25.851 32.09 40.971 16.971l86.059-86.059c9.373-9.373 9.373-24.569 0-33.941l-86.059-86.059c-15.119-15.119-40.971-4.411-40.971 16.971V216z\"><\/path><\/svg>\t\t\t\t\t\t<\/span>\n\t\t\t\t\t\t\t\t\t\t<span class=\"elementor-icon-list-text\">Frequented the Master's Degree in Metabolic and Eating Disorders<\/span>\n\t\t\t\t\t\t\t\t\t<\/li>\n\t\t\t\t\t\t<\/ul>\n\t\t\t\t\t\t<\/div>\n\t\t\t\t<div class=\"elementor-element elementor-element-6d05bb0 elementor-widget elementor-widget-text-editor\" data-id=\"6d05bb0\" data-element_type=\"widget\" data-widget_type=\"text-editor.default\">\n\t\t\t\t\t\t\t\t\t<p>Faculdade de Medicina da Universidade de Lisboa<\/p>\t\t\t\t\t\t\t\t<\/div>\n\t\t\t\t<\/div>\n\t\t<div class=\"elementor-element elementor-element-b755adb e-con-full e-flex e-con e-child\" data-id=\"b755adb\" data-element_type=\"container\">\n\t\t\t\t<div class=\"elementor-element elementor-element-813d2d0 elementor-icon-list--layout-traditional elementor-list-item-link-full_width elementor-widget elementor-widget-icon-list\" data-id=\"813d2d0\" data-element_type=\"widget\" data-widget_type=\"icon-list.default\">\n\t\t\t\t\t\t\t<ul class=\"elementor-icon-list-items\">\n\t\t\t\t\t\t\t<li class=\"elementor-icon-list-item\">\n\t\t\t\t\t\t\t\t\t\t\t<span class=\"elementor-icon-list-icon\">\n\t\t\t\t\t\t\t<svg aria-hidden=\"true\" class=\"e-font-icon-svg e-fas-long-arrow-alt-right\" viewbox=\"0 0 448 512\" xmlns=\"http:\/\/www.w3.org\/2000\/svg\"><path d=\"M313.941 216H12c-6.627 0-12 5.373-12 12v56c0 6.627 5.373 12 12 12h301.941v46.059c0 21.382 25.851 32.09 40.971 16.971l86.059-86.059c9.373-9.373 9.373-24.569 0-33.941l-86.059-86.059c-15.119-15.119-40.971-4.411-40.971 16.971V216z\"><\/path><\/svg>\t\t\t\t\t\t<\/span>\n\t\t\t\t\t\t\t\t\t\t<span class=\"elementor-icon-list-text\">Forma\u00e7\u00e3o especializada na \u00e1rea das perturba\u00e7\u00f5es do comportamento alimentar<\/span>\n\t\t\t\t\t\t\t\t\t<\/li>\n\t\t\t\t\t\t<\/ul>\n\t\t\t\t\t\t<\/div>\n\t\t\t\t<div class=\"elementor-element elementor-element-6f1c60b elementor-widget elementor-widget-text-editor\" data-id=\"6f1c60b\" data-element_type=\"widget\" data-widget_type=\"text-editor.default\">\n\t\t\t\t\t\t\t\t\t<p>Maudsley approach, Cebrata, Ambulim<\/p>\t\t\t\t\t\t\t\t<\/div>\n\t\t\t\t<\/div>\n\t\t<div class=\"elementor-element elementor-element-ecc28df e-con-full e-flex e-con e-child\" data-id=\"ecc28df\" data-element_type=\"container\">\n\t\t\t\t<div class=\"elementor-element elementor-element-5a1e375 elementor-icon-list--layout-traditional elementor-list-item-link-full_width elementor-widget elementor-widget-icon-list\" data-id=\"5a1e375\" data-element_type=\"widget\" data-widget_type=\"icon-list.default\">\n\t\t\t\t\t\t\t<ul class=\"elementor-icon-list-items\">\n\t\t\t\t\t\t\t<li class=\"elementor-icon-list-item\">\n\t\t\t\t\t\t\t\t\t\t\t<span class=\"elementor-icon-list-icon\">\n\t\t\t\t\t\t\t<svg aria-hidden=\"true\" class=\"e-font-icon-svg e-fas-long-arrow-alt-right\" viewbox=\"0 0 448 512\" xmlns=\"http:\/\/www.w3.org\/2000\/svg\"><path d=\"M313.941 216H12c-6.627 0-12 5.373-12 12v56c0 6.627 5.373 12 12 12h301.941v46.059c0 21.382 25.851 32.09 40.971 16.971l86.059-86.059c9.373-9.373 9.373-24.569 0-33.941l-86.059-86.059c-15.119-15.119-40.971-4.411-40.971 16.971V216z\"><\/path><\/svg>\t\t\t\t\t\t<\/span>\n\t\t\t\t\t\t\t\t\t\t<span class=\"elementor-icon-list-text\">Co-founder of the DOCA Team<\/span>\n\t\t\t\t\t\t\t\t\t<\/li>\n\t\t\t\t\t\t<\/ul>\n\t\t\t\t\t\t<\/div>\n\t\t\t\t<div class=\"elementor-element elementor-element-4dc609f elementor-widget elementor-widget-text-editor\" data-id=\"4dc609f\" data-element_type=\"widget\" data-widget_type=\"text-editor.default\">\n\t\t\t\t\t\t\t\t\t<p>An interdisciplinary team dedicated to the treatment of eating disorders. <a href=\"https:\/\/equipadoca.pt\/\">Learn more<\/a><\/p>\t\t\t\t\t\t\t\t<\/div>\n\t\t\t\t<\/div>\n\t\t\t\t<\/div>\n\t\t\t\t\t<\/div>\n\t\t\t\t<\/div>\n\t\t\t\t<\/div>","protected":false},"excerpt":{"rendered":"<p>Menu In\u00edcio Sobre Consultas Equipa PT EN Marcar Consulta Sobre mim Sou m\u00e9dica psiquiatra e psicoterapeuta, com uma abordagem integrativa e centrada na pessoa. Acredito que mais importante do que o diagn\u00f3stico, \u00e9 compreender o sofrimento de cada pessoa, escutando a sua hist\u00f3ria, os seus valores e a forma como vive aquilo que sente. \u00c9 [&hellip;]<\/p>","protected":false},"author":2,"featured_media":16,"parent":0,"menu_order":0,"comment_status":"closed","ping_status":"closed","template":"elementor_canvas","meta":{"footnotes":""},"class_list":["post-73","page","type-page","status-publish","has-post-thumbnail","hentry"],"_links":{"self":[{"href":"https:\/\/inesnevescaldas.com\/en\/wp-json\/wp\/v2\/pages\/73","targetHints":{"allow":["GET"]}}],"collection":[{"href":"https:\/\/inesnevescaldas.com\/en\/wp-json\/wp\/v2\/pages"}],"about":[{"href":"https:\/\/inesnevescaldas.com\/en\/wp-json\/wp\/v2\/types\/page"}],"author":[{"embeddable":true,"href":"https:\/\/inesnevescaldas.com\/en\/wp-json\/wp\/v2\/users\/2"}],"replies":[{"embeddable":true,"href":"https:\/\/inesnevescaldas.com\/en\/wp-json\/wp\/v2\/comments?post=73"}],"version-history":[{"count":73,"href":"https:\/\/inesnevescaldas.com\/en\/wp-json\/wp\/v2\/pages\/73\/revisions"}],"predecessor-version":[{"id":771,"href":"https:\/\/inesnevescaldas.com\/en\/wp-json\/wp\/v2\/pages\/73\/revisions\/771"}],"wp:featuredmedia":[{"embeddable":true,"href":"https:\/\/inesnevescaldas.com\/en\/wp-json\/wp\/v2\/media\/16"}],"wp:attachment":[{"href":"https:\/\/inesnevescaldas.com\/en\/wp-json\/wp\/v2\/media?parent=73"}],"curies":[{"name":"wp","href":"https:\/\/api.w.org\/{rel}","templated":true}]}}